{"id":2155,"date":"2025-08-29T06:56:24","date_gmt":"2025-08-29T04:56:24","guid":{"rendered":"https:\/\/wizardly-germain.46-30-124-30.plesk.page\/?page_id=2155"},"modified":"2025-09-08T08:11:25","modified_gmt":"2025-09-08T06:11:25","slug":"faq","status":"publish","type":"page","link":"https:\/\/wizardly-germain.46-30-124-30.plesk.page\/?page_id=2155","title":{"rendered":"FAQ"},"content":{"rendered":"\t\t<div class=\"faq-accordion\" id=\"faq-acc-7d109ddb-686a-4da1-8d7e-3576474532a7\" data-open-first=\"1\">\n\t\t\t<div class=\"faq-accordion__list\" role=\"list\">\n\t\t\t\t\t\t\t\t\t<article class=\"faq-accordion__item\" role=\"listitem\">\n\t\t\t\t\t\t<h3 class=\"faq-accordion__heading\">\n\t\t\t\t\t\t\t<span class=\"faq-accordion__trigger\" aria-expanded=\"false\" aria-controls=\"faq-acc-7d109ddb-686a-4da1-8d7e-3576474532a7-item-1-panel\" id=\"faq-acc-7d109ddb-686a-4da1-8d7e-3576474532a7-item-1\">\n\t\t\t\t\t\t\t\t<span style=\"padding: 0px 10px;\" class=\"faq-accordion__q\"><b>Hvorn\u00e5r blev Demo Forening stiftet?<\/b><\/span>\n\t\t\t\t\t\t\t\t<span class=\"faq-accordion__icon\" aria-hidden=\"true\"><\/span>\n\t\t\t\t\t\t\t<\/span>\n\t\t\t\t\t\t<\/h3>\n\t\t\t\t\t\t<div id=\"faq-acc-7d109ddb-686a-4da1-8d7e-3576474532a7-item-1-panel\" class=\"faq-accordion__panel\" role=\"region\" aria-labelledby=\"faq-acc-7d109ddb-686a-4da1-8d7e-3576474532a7-item-1\">\n\t\t\t\t\t\t\t<div style=\"padding: 0px 10px;\" class=\"faq-accordion__a\"><p>Demo Forening blev stiftet i 2018 med m\u00e5let om at skabe et st\u00e6rkt f\u00e6llesskab omkring kreative projekter og id\u00e9udvikling.<\/p>\n<\/div>\n\t\t\t\t\t\t<\/div>\n\t\t\t\t\t<\/article>\n\t\t\t\t\t\t\t\t\t\t<article class=\"faq-accordion__item\" role=\"listitem\">\n\t\t\t\t\t\t<h3 class=\"faq-accordion__heading\">\n\t\t\t\t\t\t\t<span class=\"faq-accordion__trigger\" aria-expanded=\"false\" aria-controls=\"faq-acc-7d109ddb-686a-4da1-8d7e-3576474532a7-item-2-panel\" id=\"faq-acc-7d109ddb-686a-4da1-8d7e-3576474532a7-item-2\">\n\t\t\t\t\t\t\t\t<span style=\"padding: 0px 10px;\" class=\"faq-accordion__q\"><b>Hvem kan blive medlem af Demo Forening?<\/b><\/span>\n\t\t\t\t\t\t\t\t<span class=\"faq-accordion__icon\" aria-hidden=\"true\"><\/span>\n\t\t\t\t\t\t\t<\/span>\n\t\t\t\t\t\t<\/h3>\n\t\t\t\t\t\t<div id=\"faq-acc-7d109ddb-686a-4da1-8d7e-3576474532a7-item-2-panel\" class=\"faq-accordion__panel\" role=\"region\" aria-labelledby=\"faq-acc-7d109ddb-686a-4da1-8d7e-3576474532a7-item-2\">\n\t\t\t\t\t\t\t<div style=\"padding: 0px 10px;\" class=\"faq-accordion__a\"><p>Alle med interesse for f\u00e6llesskab, innovation og kreativ udfoldelse er velkomne \u2013 uanset erfaring eller baggrund.<\/p>\n<\/div>\n\t\t\t\t\t\t<\/div>\n\t\t\t\t\t<\/article>\n\t\t\t\t\t\t\t\t\t\t<article class=\"faq-accordion__item\" role=\"listitem\">\n\t\t\t\t\t\t<h3 class=\"faq-accordion__heading\">\n\t\t\t\t\t\t\t<span class=\"faq-accordion__trigger\" aria-expanded=\"false\" aria-controls=\"faq-acc-7d109ddb-686a-4da1-8d7e-3576474532a7-item-3-panel\" id=\"faq-acc-7d109ddb-686a-4da1-8d7e-3576474532a7-item-3\">\n\t\t\t\t\t\t\t\t<span style=\"padding: 0px 10px;\" class=\"faq-accordion__q\"><b>Hvad laver Demo Forening til deres m\u00e5nedlige arrangementer?<\/b><\/span>\n\t\t\t\t\t\t\t\t<span class=\"faq-accordion__icon\" aria-hidden=\"true\"><\/span>\n\t\t\t\t\t\t\t<\/span>\n\t\t\t\t\t\t<\/h3>\n\t\t\t\t\t\t<div id=\"faq-acc-7d109ddb-686a-4da1-8d7e-3576474532a7-item-3-panel\" class=\"faq-accordion__panel\" role=\"region\" aria-labelledby=\"faq-acc-7d109ddb-686a-4da1-8d7e-3576474532a7-item-3\">\n\t\t\t\t\t\t\t<div style=\"padding: 0px 10px;\" class=\"faq-accordion__a\"><p>Vi afholder workshops, netv\u00e6rksm\u00f8der og sm\u00e5 events, hvor medlemmer kan dele viden, udvikle projekter og have det sjovt sammen.<\/p>\n<\/div>\n\t\t\t\t\t\t<\/div>\n\t\t\t\t\t<\/article>\n\t\t\t\t\t\t\t\t<\/div>\n\n\t\t\t\t\t\t<script type=\"application\/ld+json\">{\n    \"@context\": \"https:\/\/schema.org\",\n    \"@type\": \"FAQPage\",\n    \"mainEntity\": [\n        {\n            \"@type\": \"Question\",\n            \"name\": \"Hvorn\u00e5r blev Demo Forening stiftet?\",\n            \"acceptedAnswer\": {\n                \"@type\": \"Answer\",\n                \"text\": \"Demo Forening blev stiftet i 2018 med m\u00e5let om at skabe et st\u00e6rkt f\u00e6llesskab omkring kreative projekter og id\u00e9udvikling.\"\n            }\n        },\n        {\n            \"@type\": \"Question\",\n            \"name\": \"Hvem kan blive medlem af Demo Forening?\",\n            \"acceptedAnswer\": {\n                \"@type\": \"Answer\",\n                \"text\": \"Alle med interesse for f\u00e6llesskab, innovation og kreativ udfoldelse er velkomne \u2013 uanset erfaring eller baggrund.\"\n            }\n        },\n        {\n            \"@type\": \"Question\",\n            \"name\": \"Hvad laver Demo Forening til deres m\u00e5nedlige arrangementer?\",\n            \"acceptedAnswer\": {\n                \"@type\": \"Answer\",\n                \"text\": \"Vi afholder workshops, netv\u00e6rksm\u00f8der og sm\u00e5 events, hvor medlemmer kan dele viden, udvikle projekter og have det sjovt sammen.\"\n            }\n        }\n    ]\n}<\/script>\n\t\t<\/div>\n\t\t\n","protected":false},"excerpt":{"rendered":"","protected":false},"author":4,"featured_media":1894,"parent":0,"menu_order":0,"comment_status":"closed","ping_status":"closed","template":"","meta":{"_et_pb_use_builder":"","_et_pb_old_content":"","_et_gb_content_width":"","footnotes":""},"class_list":["post-2155","page","type-page","status-publish","has-post-thumbnail","hentry"],"_links":{"self":[{"href":"https:\/\/wizardly-germain.46-30-124-30.plesk.page\/index.php?rest_route=\/wp\/v2\/pages\/2155","targetHints":{"allow":["GET"]}}],"collection":[{"href":"https:\/\/wizardly-germain.46-30-124-30.plesk.page\/index.php?rest_route=\/wp\/v2\/pages"}],"about":[{"href":"https:\/\/wizardly-germain.46-30-124-30.plesk.page\/index.php?rest_route=\/wp\/v2\/types\/page"}],"author":[{"embeddable":true,"href":"https:\/\/wizardly-germain.46-30-124-30.plesk.page\/index.php?rest_route=\/wp\/v2\/users\/4"}],"replies":[{"embeddable":true,"href":"https:\/\/wizardly-germain.46-30-124-30.plesk.page\/index.php?rest_route=%2Fwp%2Fv2%2Fcomments&post=2155"}],"version-history":[{"count":1,"href":"https:\/\/wizardly-germain.46-30-124-30.plesk.page\/index.php?rest_route=\/wp\/v2\/pages\/2155\/revisions"}],"predecessor-version":[{"id":2157,"href":"https:\/\/wizardly-germain.46-30-124-30.plesk.page\/index.php?rest_route=\/wp\/v2\/pages\/2155\/revisions\/2157"}],"wp:featuredmedia":[{"embeddable":true,"href":"https:\/\/wizardly-germain.46-30-124-30.plesk.page\/index.php?rest_route=\/wp\/v2\/media\/1894"}],"wp:attachment":[{"href":"https:\/\/wizardly-germain.46-30-124-30.plesk.page\/index.php?rest_route=%2Fwp%2Fv2%2Fmedia&parent=2155"}],"curies":[{"name":"wp","href":"https:\/\/api.w.org\/{rel}","templated":true}]}}