{"id":398,"date":"2023-09-28T13:04:10","date_gmt":"2023-09-28T11:04:10","guid":{"rendered":"https:\/\/wizardly-germain.46-30-124-30.plesk.page\/?page_id=398"},"modified":"2025-10-03T10:29:50","modified_gmt":"2025-10-03T08:29:50","slug":"holdoversigt","status":"publish","type":"page","link":"https:\/\/wizardly-germain.46-30-124-30.plesk.page\/?page_id=398","title":{"rendered":"Holdoversigt"},"content":{"rendered":"<h2>Velkommen til vores holdoversigt<\/h2>\n<p style=\"text-align: left;\">Her ser du alle vores ledige hold, som du kan tilmelde dig til.<\/p>\n<p><img decoding=\"async\" class=\"alignnone wp-image-1893\" src=\"https:\/\/wizardly-germain.46-30-124-30.plesk.page\/wp-content\/uploads\/2024\/04\/senior-friends-8-scaled.jpg\" alt=\"\" width=\"500\" height=\"333\" srcset=\"https:\/\/wizardly-germain.46-30-124-30.plesk.page\/wp-content\/uploads\/2024\/04\/senior-friends-8-980x653.jpg 980w, https:\/\/wizardly-germain.46-30-124-30.plesk.page\/wp-content\/uploads\/2024\/04\/senior-friends-8-480x320.jpg 480w\" sizes=\"(min-width: 0px) and (max-width: 480px) 480px, (min-width: 481px) and (max-width: 980px) 980px, 100vw\" \/><\/p>\n<p>&nbsp;<\/p>\n<script type=\"text\/javascript\" src=\"https:\/\/www.conventus.dk\/dataudv\/www\/holdoversigt_ny.php?foreningsid=1&#038;afdelingsid=0&#038;handelsbetingelser=1&#038;reservationer=vis&#038;skjul_nyt_medlem=0&#038;skjul_allerede_medlem=0&#038;raekkefoelge=alfabetisk&#038;vis_adresse=0&#038;knap_placering=horisontal&#038;highlight=pris&#038;start=periode;ledige_pladser&#038;info=tid_sted;alder;betaling;tilmelding;tilmeld_aabner_om;ledere;om_holdet&#038;sprog=auto\"><\/script>\n<div class=\"ccms-table-menu\" style=\"display: none;\"><button style=\"background: #FFF !important; color: #000 !important;\" data-act=\"row-before\">Inds\u00e6t r\u00e6kke over<\/button><button style=\"background: #FFF !important; color: #000 !important;\" data-act=\"row-after\">Inds\u00e6t r\u00e6kke under<\/button><button style=\"background: #FFF !important; color: #000 !important;\" data-act=\"col-before\">Inds\u00e6t kolonne f\u00f8r<\/button><button style=\"background: #FFF !important; color: #000 !important;\" data-act=\"col-after\">Inds\u00e6t kolonne efter<\/button><button style=\"background: #FFF !important; color: #000 !important;\" data-act=\"row-del\">Slet r\u00e6kke<\/button><button style=\"background: #FFF !important; color: #000 !important;\" data-act=\"col-del\">Slet kolonne<\/button><\/div>\n<div class=\"ccms-table-menu\" style=\"display: none;\"><button style=\"background: #FFF !important; color: #000 !important;\" data-act=\"row-before\">Inds\u00e6t r\u00e6kke over<\/button><button style=\"background: #FFF !important; color: #000 !important;\" data-act=\"row-after\">Inds\u00e6t r\u00e6kke under<\/button><button style=\"background: #FFF !important; color: #000 !important;\" data-act=\"col-before\">Inds\u00e6t kolonne f\u00f8r<\/button><button style=\"background: #FFF !important; color: #000 !important;\" data-act=\"col-after\">Inds\u00e6t kolonne efter<\/button><button style=\"background: #FFF !important; color: #000 !important;\" data-act=\"row-del\">Slet r\u00e6kke<\/button><button style=\"background: #FFF !important; color: #000 !important;\" data-act=\"col-del\">Slet kolonne<\/button><\/div>\n<div class=\"ccms-table-menu\" style=\"display: none;\"><button style=\"background: #FFF !important; color: #000 !important;\" data-act=\"row-before\">Inds\u00e6t r\u00e6kke over<\/button><button style=\"background: #FFF !important; color: #000 !important;\" data-act=\"row-after\">Inds\u00e6t r\u00e6kke under<\/button><button style=\"background: #FFF !important; color: #000 !important;\" data-act=\"col-before\">Inds\u00e6t kolonne f\u00f8r<\/button><button style=\"background: #FFF !important; color: #000 !important;\" data-act=\"col-after\">Inds\u00e6t kolonne efter<\/button><button style=\"background: #FFF !important; color: #000 !important;\" data-act=\"row-del\">Slet r\u00e6kke<\/button><button style=\"background: #FFF !important; color: #000 !important;\" data-act=\"col-del\">Slet kolonne<\/button><\/div>\n<div class=\"ccms-table-menu\" style=\"display: none;\"><button style=\"background: #FFF !important; color: #000 !important;\" data-act=\"row-before\">Inds\u00e6t r\u00e6kke over<\/button><button style=\"background: #FFF !important; color: #000 !important;\" data-act=\"row-after\">Inds\u00e6t r\u00e6kke under<\/button><button style=\"background: #FFF !important; color: #000 !important;\" data-act=\"col-before\">Inds\u00e6t kolonne f\u00f8r<\/button><button style=\"background: #FFF !important; color: #000 !important;\" data-act=\"col-after\">Inds\u00e6t kolonne efter<\/button><button style=\"background: #FFF !important; color: #000 !important;\" data-act=\"row-del\">Slet r\u00e6kke<\/button><button style=\"background: #FFF !important; color: #000 !important;\" data-act=\"col-del\">Slet kolonne<\/button><\/div>\n<div class=\"ccms-table-menu\" style=\"display: none;\"><button style=\"background: #FFF !important; color: #000 !important;\" data-act=\"row-before\">Inds\u00e6t r\u00e6kke over<\/button><button style=\"background: #FFF !important; color: #000 !important;\" data-act=\"row-after\">Inds\u00e6t r\u00e6kke under<\/button><button style=\"background: #FFF !important; color: #000 !important;\" data-act=\"col-before\">Inds\u00e6t kolonne f\u00f8r<\/button><button style=\"background: #FFF !important; color: #000 !important;\" data-act=\"col-after\">Inds\u00e6t kolonne efter<\/button><button style=\"background: #FFF !important; color: #000 !important;\" data-act=\"row-del\">Slet r\u00e6kke<\/button><button style=\"background: #FFF !important; color: #000 !important;\" data-act=\"col-del\">Slet kolonne<\/button><\/div>\n<div class=\"ccms-table-menu\" style=\"display: none;\"><button style=\"background: #FFF !important; color: #000 !important;\" data-act=\"row-before\">Inds\u00e6t r\u00e6kke over<\/button><button style=\"background: #FFF !important; color: #000 !important;\" data-act=\"row-after\">Inds\u00e6t r\u00e6kke under<\/button><button style=\"background: #FFF !important; color: #000 !important;\" data-act=\"col-before\">Inds\u00e6t kolonne f\u00f8r<\/button><button style=\"background: #FFF !important; color: #000 !important;\" data-act=\"col-after\">Inds\u00e6t kolonne efter<\/button><button style=\"background: #FFF !important; color: #000 !important;\" data-act=\"row-del\">Slet r\u00e6kke<\/button><button style=\"background: #FFF !important; color: #000 !important;\" data-act=\"col-del\">Slet kolonne<\/button><\/div>\n<div class=\"ccms-table-menu\" style=\"display: none;\"><button style=\"background: #FFF !important; color: #000 !important;\" data-act=\"row-before\">Inds\u00e6t r\u00e6kke over<\/button><button style=\"background: #FFF !important; color: #000 !important;\" data-act=\"row-after\">Inds\u00e6t r\u00e6kke under<\/button><button style=\"background: #FFF !important; color: #000 !important;\" data-act=\"col-before\">Inds\u00e6t kolonne f\u00f8r<\/button><button style=\"background: #FFF !important; color: #000 !important;\" data-act=\"col-after\">Inds\u00e6t kolonne efter<\/button><button style=\"background: #FFF !important; color: #000 !important;\" data-act=\"row-del\">Slet r\u00e6kke<\/button><button style=\"background: #FFF !important; color: #000 !important;\" data-act=\"col-del\">Slet kolonne<\/button><\/div>\n<div class=\"ccms-table-menu\" style=\"display: none;\"><button style=\"background: #FFF !important; color: #000 !important;\" data-act=\"row-before\">Inds\u00e6t r\u00e6kke over<\/button><button style=\"background: #FFF !important; color: #000 !important;\" data-act=\"row-after\">Inds\u00e6t r\u00e6kke under<\/button><button style=\"background: #FFF !important; color: #000 !important;\" data-act=\"col-before\">Inds\u00e6t kolonne f\u00f8r<\/button><button style=\"background: #FFF !important; color: #000 !important;\" data-act=\"col-after\">Inds\u00e6t kolonne efter<\/button><button style=\"background: #FFF !important; color: #000 !important;\" data-act=\"row-del\">Slet r\u00e6kke<\/button><button style=\"background: #FFF !important; color: #000 !important;\" data-act=\"col-del\">Slet kolonne<\/button><\/div>\n<div class=\"ccms-table-menu\" style=\"display: none;\"><button style=\"background: #FFF !important; color: #000 !important;\" data-act=\"row-before\">Inds\u00e6t r\u00e6kke over<\/button><button style=\"background: #FFF !important; color: #000 !important;\" data-act=\"row-after\">Inds\u00e6t r\u00e6kke under<\/button><button style=\"background: #FFF !important; color: #000 !important;\" data-act=\"col-before\">Inds\u00e6t kolonne f\u00f8r<\/button><button style=\"background: #FFF !important; color: #000 !important;\" data-act=\"col-after\">Inds\u00e6t kolonne efter<\/button><button style=\"background: #FFF !important; color: #000 !important;\" data-act=\"row-del\">Slet r\u00e6kke<\/button><button style=\"background: #FFF !important; color: #000 !important;\" data-act=\"col-del\">Slet kolonne<\/button><\/div>\n<div class=\"ccms-table-menu\" style=\"display: none;\"><button style=\"background: #FFF !important; color: #000 !important;\" data-act=\"row-before\">Inds\u00e6t r\u00e6kke over<\/button><button style=\"background: #FFF !important; color: #000 !important;\" data-act=\"row-after\">Inds\u00e6t r\u00e6kke under<\/button><button style=\"background: #FFF !important; color: #000 !important;\" data-act=\"col-before\">Inds\u00e6t kolonne f\u00f8r<\/button><button style=\"background: #FFF !important; color: #000 !important;\" data-act=\"col-after\">Inds\u00e6t kolonne efter<\/button><button style=\"background: #FFF !important; color: #000 !important;\" data-act=\"row-del\">Slet r\u00e6kke<\/button><button style=\"background: #FFF !important; color: #000 !important;\" data-act=\"col-del\">Slet kolonne<\/button><\/div>\n<div class=\"ccms-table-menu\" style=\"display: none; left: 141px; top: 259px;\"><button style=\"background: #FFF !important; color: #000 !important;\" data-act=\"row-before\">Inds\u00e6t r\u00e6kke over<\/button><button style=\"background: #FFF !important; color: #000 !important;\" data-act=\"row-after\">Inds\u00e6t r\u00e6kke under<\/button><button style=\"background: #FFF !important; color: #000 !important;\" data-act=\"col-before\">Inds\u00e6t kolonne f\u00f8r<\/button><button style=\"background: #FFF !important; color: #000 !important;\" data-act=\"col-after\">Inds\u00e6t kolonne efter<\/button><button style=\"background: #FFF !important; color: #000 !important;\" data-act=\"row-del\">Slet r\u00e6kke<\/button><button style=\"background: #FFF !important; color: #000 !important;\" data-act=\"col-del\">Slet kolonne<\/button><\/div>\n<div class=\"ccms-table-menu\" style=\"display: none;\"><button style=\"background: #FFF !important; color: #000 !important;\" data-act=\"row-before\">Inds\u00e6t r\u00e6kke over<\/button><button style=\"background: #FFF !important; color: #000 !important;\" data-act=\"row-after\">Inds\u00e6t r\u00e6kke under<\/button><button style=\"background: #FFF !important; color: #000 !important;\" data-act=\"col-before\">Inds\u00e6t kolonne f\u00f8r<\/button><button style=\"background: #FFF !important; color: #000 !important;\" data-act=\"col-after\">Inds\u00e6t kolonne efter<\/button><button style=\"background: #FFF !important; color: #000 !important;\" data-act=\"row-del\">Slet r\u00e6kke<\/button><button style=\"background: #FFF !important; color: #000 !important;\" data-act=\"col-del\">Slet kolonne<\/button><\/div>\n<div class=\"ccms-table-menu\" style=\"display: none;\"><button style=\"background: #FFF !important; color: #000 !important;\" data-act=\"row-before\">Inds\u00e6t r\u00e6kke over<\/button><button style=\"background: #FFF !important; color: #000 !important;\" data-act=\"row-after\">Inds\u00e6t r\u00e6kke under<\/button><button style=\"background: #FFF !important; color: #000 !important;\" data-act=\"col-before\">Inds\u00e6t kolonne f\u00f8r<\/button><button style=\"background: #FFF !important; color: #000 !important;\" data-act=\"col-after\">Inds\u00e6t kolonne efter<\/button><button style=\"background: #FFF !important; color: #000 !important;\" data-act=\"row-del\">Slet r\u00e6kke<\/button><button style=\"background: #FFF !important; color: #000 !important;\" data-act=\"col-del\">Slet kolonne<\/button><\/div>\n<div class=\"ccms-table-menu\" style=\"display: none;\"><button style=\"background: #FFF !important; color: #000 !important;\" data-act=\"row-before\">Inds\u00e6t r\u00e6kke over<\/button><button style=\"background: #FFF !important; color: #000 !important;\" data-act=\"row-after\">Inds\u00e6t r\u00e6kke under<\/button><button style=\"background: #FFF !important; color: #000 !important;\" data-act=\"col-before\">Inds\u00e6t kolonne f\u00f8r<\/button><button style=\"background: #FFF !important; color: #000 !important;\" data-act=\"col-after\">Inds\u00e6t kolonne efter<\/button><button style=\"background: #FFF !important; color: #000 !important;\" data-act=\"row-del\">Slet r\u00e6kke<\/button><button style=\"background: #FFF !important; color: #000 !important;\" data-act=\"col-del\">Slet kolonne<\/button><\/div>\n<div class=\"ccms-table-menu\" style=\"display: none;\"><button style=\"background: #FFF !important; color: #000 !important;\" data-act=\"row-before\">Inds\u00e6t r\u00e6kke over<\/button><button style=\"background: #FFF !important; color: #000 !important;\" data-act=\"row-after\">Inds\u00e6t r\u00e6kke under<\/button><button style=\"background: #FFF !important; color: #000 !important;\" data-act=\"col-before\">Inds\u00e6t kolonne f\u00f8r<\/button><button style=\"background: #FFF !important; color: #000 !important;\" data-act=\"col-after\">Inds\u00e6t kolonne efter<\/button><button style=\"background: #FFF !important; color: #000 !important;\" data-act=\"row-del\">Slet r\u00e6kke<\/button><button style=\"background: #FFF !important; color: #000 !important;\" data-act=\"col-del\">Slet kolonne<\/button><\/div>\n","protected":false},"excerpt":{"rendered":"<p>Velkommen til vores holdoversigt Her ser du alle vores ledige hold, som du kan tilmelde dig til. &nbsp; Inds\u00e6t r\u00e6kke overInds\u00e6t r\u00e6kke underInds\u00e6t kolonne f\u00f8rInds\u00e6t kolonne efterSlet r\u00e6kkeSlet kolonne Inds\u00e6t r\u00e6kke overInds\u00e6t r\u00e6kke underInds\u00e6t kolonne f\u00f8rInds\u00e6t kolonne efterSlet r\u00e6kkeSlet kolonne Inds\u00e6t r\u00e6kke overInds\u00e6t r\u00e6kke underInds\u00e6t kolonne f\u00f8rInds\u00e6t kolonne efterSlet r\u00e6kkeSlet kolonne Inds\u00e6t r\u00e6kke overInds\u00e6t r\u00e6kke [&hellip;]<\/p>\n","protected":false},"author":4,"featured_media":1613,"parent":0,"menu_order":0,"comment_status":"closed","ping_status":"closed","template":"","meta":{"_et_pb_use_builder":"","_et_pb_old_content":"","_et_gb_content_width":"","footnotes":""},"class_list":["post-398","page","type-page","status-publish","has-post-thumbnail","hentry"],"_links":{"self":[{"href":"https:\/\/wizardly-germain.46-30-124-30.plesk.page\/index.php?rest_route=\/wp\/v2\/pages\/398","targetHints":{"allow":["GET"]}}],"collection":[{"href":"https:\/\/wizardly-germain.46-30-124-30.plesk.page\/index.php?rest_route=\/wp\/v2\/pages"}],"about":[{"href":"https:\/\/wizardly-germain.46-30-124-30.plesk.page\/index.php?rest_route=\/wp\/v2\/types\/page"}],"author":[{"embeddable":true,"href":"https:\/\/wizardly-germain.46-30-124-30.plesk.page\/index.php?rest_route=\/wp\/v2\/users\/4"}],"replies":[{"embeddable":true,"href":"https:\/\/wizardly-germain.46-30-124-30.plesk.page\/index.php?rest_route=%2Fwp%2Fv2%2Fcomments&post=398"}],"version-history":[{"count":19,"href":"https:\/\/wizardly-germain.46-30-124-30.plesk.page\/index.php?rest_route=\/wp\/v2\/pages\/398\/revisions"}],"predecessor-version":[{"id":2287,"href":"https:\/\/wizardly-germain.46-30-124-30.plesk.page\/index.php?rest_route=\/wp\/v2\/pages\/398\/revisions\/2287"}],"wp:featuredmedia":[{"embeddable":true,"href":"https:\/\/wizardly-germain.46-30-124-30.plesk.page\/index.php?rest_route=\/wp\/v2\/media\/1613"}],"wp:attachment":[{"href":"https:\/\/wizardly-germain.46-30-124-30.plesk.page\/index.php?rest_route=%2Fwp%2Fv2%2Fmedia&parent=398"}],"curies":[{"name":"wp","href":"https:\/\/api.w.org\/{rel}","templated":true}]}}